{"id":24310,"date":"2023-07-27T11:38:50","date_gmt":"2023-07-27T11:38:50","guid":{"rendered":"https:\/\/calfusterdetous.com\/?page_id=24310"},"modified":"2024-09-03T10:17:24","modified_gmt":"2024-09-03T10:17:24","slug":"condicions-generals-de-la-contractacio","status":"publish","type":"page","link":"https:\/\/www.calfusterdetous.com\/cast\/condicions-generals-de-la-contractacio\/","title":{"rendered":"Condicions generals de la contractaci\u00f3"},"content":{"rendered":"<div data-elementor-type=\"wp-page\" data-elementor-id=\"24310\" class=\"elementor elementor-24310\" data-elementor-post-type=\"page\">\n\t\t\t\t\t\t<section class=\"elementor-section elementor-top-section elementor-element elementor-element-5e293256 elementor-section-boxed elementor-section-height-default elementor-section-height-default\" data-id=\"5e293256\" data-element_type=\"section\" data-e-type=\"section\" data-settings=\"{&quot;hoteller_ext_is_background_parallax&quot;:&quot;false&quot;,&quot;hoteller_ext_is_background_on_scroll&quot;:&quot;false&quot;}\">\n\t\t\t\t\t\t<div class=\"elementor-container elementor-column-gap-default\">\n\t\t\t\t\t<div class=\"elementor-column elementor-col-100 elementor-top-column elementor-element elementor-element-de6648e\" data-id=\"de6648e\" data-element_type=\"column\" data-e-type=\"column\" data-settings=\"{&quot;hoteller_ext_link_sidemenu&quot;:&quot;false&quot;,&quot;hoteller_ext_link_fullmenu&quot;:&quot;false&quot;,&quot;hoteller_ext_link_closed_fullmenu&quot;:&quot;false&quot;,&quot;hoteller_ext_is_scrollme&quot;:&quot;false&quot;,&quot;hoteller_ext_is_smoove&quot;:&quot;false&quot;,&quot;hoteller_ext_is_parallax_mouse&quot;:&quot;false&quot;,&quot;hoteller_ext_is_infinite&quot;:&quot;false&quot;,&quot;hoteller_ext_is_fadeout_animation&quot;:&quot;false&quot;,&quot;hoteller_ext_mobile_static&quot;:&quot;false&quot;}\">\n\t\t\t<div class=\"elementor-widget-wrap elementor-element-populated\">\n\t\t\t\t\t\t<div class=\"elementor-element elementor-element-d645521 elementor-widget elementor-widget-text-editor\" data-id=\"d645521\" data-element_type=\"widget\" data-e-type=\"widget\" data-settings=\"{&quot;hoteller_ext_link_sidemenu&quot;:&quot;false&quot;,&quot;hoteller_ext_link_fullmenu&quot;:&quot;false&quot;,&quot;hoteller_ext_link_closed_fullmenu&quot;:&quot;false&quot;,&quot;hoteller_ext_is_scrollme&quot;:&quot;false&quot;,&quot;hoteller_ext_is_smoove&quot;:&quot;false&quot;,&quot;hoteller_ext_is_parallax_mouse&quot;:&quot;false&quot;,&quot;hoteller_ext_is_infinite&quot;:&quot;false&quot;,&quot;hoteller_ext_is_fadeout_animation&quot;:&quot;false&quot;,&quot;hoteller_ext_mobile_static&quot;:&quot;false&quot;}\" data-widget_type=\"text-editor.default\">\n\t\t\t\t<div class=\"elementor-widget-container\">\n\t\t\t\t\t\t\t\t\t<h3 class=\"h4\">OBJECTE I \u00c0MBIT D\u2019APLICACI\u00d3<\/h3><p>Les presents condicions generals de contractaci\u00f3 i utilitzaci\u00f3 (en endavant, \u201cCondicions Generals\u201d) s\u00f3n les que regeixen la reserva d\u2019estades a la casa rural Cal Fuster de Tous, situada a (08712) Sant Mart\u00ed de Tous, Pla\u00e7a Manel M\u00aa Girona, n\u00famero 3, titularitat de la senyora MARIA CARME RICA LLINARES (en endavant, \u201cla titular\u201d), directament al client, a trav\u00e9s de la p\u00e0gina web http:\/\/calfusterdetous.com.<br \/>S\u2019ent\u00e9n per client tant el consumidor i usuari segons el concepte legal del mateix establert per la Llei General per a la Defensa dels Consumidors i Usuaris, com l\u2019empresari o professional persona f\u00edsica o jur\u00eddica. En els casos en que alguna de les presents condicions generals o que part o tota la seva regulaci\u00f3 es refereixi \u00fanicament a consumidors i usuaris, o \u00fanicament a empresaris o professionals, s\u2019indicar\u00e0 espec\u00edficament.<br \/>Tant la navegaci\u00f3 per la p\u00e0gina web com l\u2019adquisici\u00f3 de qualsevol dels productes o serveis oferts en ella suposen l\u2019acceptaci\u00f3, per part del client, sense reserves de cap tipus, de totes i cadascuna de les presents condicions generals de contractaci\u00f3 i utilitzaci\u00f3, quedant el client vinculat per aquestes.<br \/>La titular podr\u00e0 modificar la p\u00e0gina web i les presents condicions per efectuar tots els canvis i modificacions que estimi convenients i necessaris per a l\u2019adequada funcionalitat de la mateixa, sense previ av\u00eds.<br \/>MARIA CARME RICA LLINARES t\u00e9 domicili a efectes de les presents condicions generals de venda a Sant Mart\u00ed de Tous (08712), Pla\u00e7a Manel M\u00aa Girona, n\u00famero 3 i identificada amb el DNI i NIF n\u00famero 77.106.359-D.<\/p><h3 class=\"h4\">SERVEIS<\/h3><p>La titular, mitjan\u00e7ant la seva p\u00e0gina web, es dedica a prestar serveis de gesti\u00f3 de reserves d\u2019allotjament rural de la casa Cal Fuster de Tous, en l\u00ednia.<\/p><h3 class=\"h4\">CAPACITAT LEGAL PER CONTRACTAR<\/h3><p>L\u2019usuari declara que \u00e9s major d\u2019edat (major de 18 anys) i que disposa de la capacitat legal necess\u00e0ria per contractar els serveis oferts per MARIA CARME RICA LLINARES, manifestant que accepta la vinculaci\u00f3 d\u2019aquest acord i ent\u00e9n i accepta en la seva totalitat les condicions aqu\u00ed anunciades per l\u2019\u00fas del lloc web i dels serveis oferts.<br \/>En cas de contractaci\u00f3 per part de menors d\u2019edat, es requerir\u00e0 l\u2019autoritzaci\u00f3 dels pares o tutors legals per a poder prosseguir a la reserva dels serveis oferts. La titular no es responsabilitza de la veracitat i exactitud de les dades emplenades per l\u2019usuari i, per tant, no pot constatar l\u2019edat dels mateixos.<\/p><h3 class=\"h4\">RESERVA<\/h3><p>Despr\u00e9s de seleccionar l\u2019habitaci\u00f3 o dates d\u2019estada, que ser\u00e0 amb un m\u00ednim de dues nits, per fer la reserva haureu d\u2019omplir un formulari amb les vostres dades personals. El formulari inclou el seu nom i cognoms, tel\u00e8fon, adre\u00e7a de correu electr\u00f2nic, adre\u00e7a postal, codi postal i ciutat. Aquestes dades s\u2019utilitzen amb la finalitat de gestionar la reserva i notificar-ne l\u2019estat i la gesti\u00f3 econ\u00f2mica. Per a m\u00e9s informaci\u00f3 sobre la confidencialitat i tractament de les seves dades poden llegir la nostra pol\u00edtica de privacitat.<\/p><h3 class=\"h4\">PREUS I FORMA DE PAGAMENT<\/h3><p>Els preus s\u2019indiquen en la p\u00e0gina web en euros (EUR) i no inclouen l\u2019IVA ni cap altre impost aplicable, vigent a la data d\u2019acceptaci\u00f3 de la oferta. Aquests impostos s\u2019afegiran a l\u2019import total de la comanda abans de la confirmaci\u00f3 de la reserva per part del client.<br \/>El preu no inclou la taxa tur\u00edstica municipal, que es cobrar\u00e0 a l\u2019arribada a l\u2019allotjament.<br \/>Una vegada el client confirmi la reserva, haur\u00e0 d\u2019omplir les dades de la targeta de cr\u00e8dit o d\u00e8bit i en aquest moment es carregar\u00e0 al compte del client un pagament avan\u00e7at del 50% de l\u2019import total de la reserva i, posteriorment, una setmana abans de l\u2019estada, es realitzar\u00e0 el pagament del 50% de l\u2019import restant. En cas que la reserva es realitzi amb menys d\u2019una setmana d\u2019antelaci\u00f3, en el moment de confirmaci\u00f3 de la reserva, es carregar\u00e0 al compte del client l\u2019import total de la reserva. Les dades de la targeta banc\u00e0ria, \u00fanicament poden ser conegudes per les parts autoritzades per a la gesti\u00f3 econ\u00f2mica de la reserva.<br \/>El client que realitza la reserva \u00e9s el responsable d\u2019aquesta, encara que la reserva s\u2019efectu\u00ef per a un grup d\u2019habitacions i, per tant, \u00e9s el responsable de la totalitat del preu.<br \/>El pagament es realitza mitjan\u00e7ant un servei bancari de TPV Virtual que utilitza la tecnologia m\u00e9s segura, protocol d\u2019encriptaci\u00f3 SSL (Secure Socket Layers) que xifra autom\u00e0ticament les dades personals i de la targeta de cr\u00e8dit i les fa indesxifrables per a qualsevol persona aliena. La informaci\u00f3 facilitada es transmet a trav\u00e9s d\u2019un entorn segur per evitar-ne la lectura, l\u2019alteraci\u00f3, la p\u00e8rdua i\/o el tractament o acc\u00e9s no autoritzats.<br \/>Despr\u00e9s del pagament rebreu un n\u00famero de reserva. Immediatament rebreu confirmaci\u00f3 a trav\u00e9s del correu electr\u00f2nic.<\/p><h3 class=\"h4\">FIAN\u00c7A<\/h3><p>A l\u2019arribada a l\u2019allotjament, es requerir\u00e0 al client per tal que aboni una fian\u00e7a per import de 100\u20ac. A la sortida, una vegada comprovat l\u2019estat de l\u2019allotjament, si aquest est\u00e0 en bon estat, es retornar\u00e0 l\u2019import de la fian\u00e7a.<\/p><h3 class=\"h4\">HORARIS D\u2019ARRIBADA I DE SORTIDA<\/h3><p>L\u2019hora d\u2019entrada \u00e9s de 12h a 17h. el dia de la reserva. En cas de canvi en l\u2019hora d\u2019entrada, demanem que ens avisin amb antelaci\u00f3. El dia de sortida, els clients hauran de deixar l\u2019habitaci\u00f3 de 10&#8217;30h. del mat\u00ed.<\/p><h3 class=\"h4\">MODIFICACI\u00d3 O CANCEL\u00b7LACI\u00d3 DE LA RESERVA<\/h3><p>Qualsevol modificaci\u00f3 de la vostra reserva es considerar\u00e0, a tots els efectes, com una cancel\u00b7laci\u00f3 i comportar\u00e0 la realitzaci\u00f3 d\u2019una nova reserva.<br \/>En cas de modificaci\u00f3 o cancel\u00b7laci\u00f3 de la reserva, s\u2019ha de comunicar sempre per escrit via correu electr\u00f2nic a: fuster@calfusterdetous.com, adjuntant sempre una c\u00f2pia del DNI del titular de la reserva. Aquesta sol\u00b7licitud de modificaci\u00f3 o d\u2019anul\u00b7laci\u00f3 ser\u00e0 efectiva \u00fanicament quan MARIA CARME RICA LLINARES li hagi confirmat la seva acceptaci\u00f3 per correu electr\u00f2nic.<\/p><p>La persona usu\u00e0ria t\u00e9 dret a cancel\u00b7lar la reserva confirmada, sense cap penalitzaci\u00f3, sempre que es faci abans dels 90 dies anteriors a la data d\u2019arribada, llevat pacte en contrari.<br \/>La cancel\u00b7laci\u00f3 efectuada per la persona usu\u00e0ria dintre dels 90 dies anteriors a la data d\u2019arribada, dona lloc a les seg\u00fcents penalitzacions, llevat pacte en contrari:<br \/>a. Reserva fins a 7 dies, el 35% del preu total de l&#8217;estada.<br \/>b. Reserva per m\u00e9s de 7 dies, el 25% del preu total de l&#8217;estada.<br \/>Les anteriors penalitzacions no s\u00f3n d\u2019aplicaci\u00f3 quan la cancel\u00b7laci\u00f3 es produeix per causa de for\u00e7a major, degudament acreditada. Aix\u00ed mateix, en el cas que MARIA CARME RICA LLINARES comuniqui la modificaci\u00f3 o cancel\u00b7laci\u00f3 de reserves per motius de for\u00e7a major, entenent com a tals, aquelles circumst\u00e0ncies alienes a qui les invoca, anormals i imprevisibles, les conseq\u00fc\u00e8ncies de les quals no haurien pogut evitar malgrat haver actuat amb la dilig\u00e8ncia deguda, quedar\u00e0 anul\u00b7lada la reserva sense dret a reclamaci\u00f3 o compensaci\u00f3 al client.<br \/>Quan la persona usu\u00e0ria d\u2019un establiment d\u2019allotjament abandoni la unitat reservada abans de la data fins a la qual la tenia reservada, la persona titular de l\u2019establiment no retornar\u00e0 cap import de la reserva efectuada, llevat de pacte espec\u00edfic entre les parts.<br \/>En reserves amb condicions especials, com ara \u00a0la reserva de tota la casa, aix\u00ed com qualsevol altre paquet de reserva amb condicions especials que es pogu\u00e9s introduir, la cancel\u00b7laci\u00f3 feta abans de 120 dies de la data d\u2019entrada es retornar\u00e0 un 75% de lo pagat, i en el cas de cancel\u00b7lar en els 120 dies anteriors a la data d\u2019entrada no hi ha reemborsament.<\/p><h3 class=\"h4\">RESPONSABILITAT<\/h3><p>El client declara posseir una asseguran\u00e7a de responsabilitat civil que cobreixi la seva responsabilitat i la de la seva fam\u00edlia.<br \/>Els nens estan sota la responsabilitat \u00fanica i exclusiva dels clients dins del terreny de la titular.<br \/>Els clients es comprometen a deixar l\u2019habitaci\u00f3 i les instal\u00b7lacions de Cal Fuster de Tous en perfecte estat al final de la seva estada i a declarar i a assumir econ\u00f2micament qualsevol trencadissa de qu\u00e8 fos responsable.<br \/>MARIA CARME RICA LLINARES no es fa responsable en cas de robatori, p\u00e8rdua i\/o desperfecte dels b\u00e9ns personals i\/o del dany o ferides als b\u00e9ns o a les persones que s\u2019allotgen a la propietat, sense importar la causa.<br \/>En cas d\u2019oblit a la casa d\u2019algun objecte propietat dels clients, dit objecte pot ser enviat als clients, que hauran de pagar les despeses d\u2019enviament.<\/p><h3 class=\"h4\">ANIMALS<\/h3><p>No s&#8217;admeten animals a l&#8217;allotjament.<\/p><h3 class=\"h4\">PERSONES EXTERNES A L&#8217;ALLOTJAMENT<\/h3><p>En el cas que una persona externa hagi d&#8217;accedir a l&#8217;allotjament sense ser el client caldr\u00e0 informar a la direcci\u00f3 de la casa per a ser registrat.<br \/>En el cas dels casaments, l&#8217;entrada de fot\u00f2grafs i v\u00eddeografs (m\u00e0xim 2 persones) caldr\u00e0 informar a la direcci\u00f3 de la casa i fer un pagament de 50\u20ac.<\/p><h3 class=\"h4\">OBLIGACIONS DELS CLIENTS<\/h3><p>En el moment de l\u2019arribada, els clients han de facilitar el Document d\u2019Identitat (DNI o Passaport) de tots i cadascun dels allotjats. Aix\u00ed mateix, els clients en el moment de l\u2019arribada han de realitzar el pagament de la fian\u00e7a anteriorment indicada.<br \/>En el cas que el client vulgui utilitzar algun espai de la casa, s\u2019han de tenir en compte les seg\u00fcents condicions:<br \/>&#8211; Respectar en les zones comunes (piscina, sala de televisi\u00f3, sala de jocs, etc.) la intimitat dels altres clients.<br \/>&#8211; Les sessions fotogr\u00e0fiques es cobraran 20\u20ac per sessi\u00f3 i es limitar\u00e0 l\u2019entrada a quatre persones m\u00e0xim.<\/p><h3 class=\"h4\">RESPONSABILITATS DELS CLIENTS<\/h3><p>El client s\u2019obliga a realitzar un \u00fas l\u00edcit de les instal\u00b7lacions de la casa, sense contravenir la legislaci\u00f3 vigent, ni lesionar els drets i interessos de terceres persones.<br \/>El client garanteix la veracitat i exactitud de les dades facilitades al complimentar els formularis de contractaci\u00f3, evitant causar perjudicis a MARIA CARME RICA LLINARES producte de la incorrecci\u00f3 de les mateixes.<\/p><h3 class=\"h4\">DADES PERSONALS<\/h3><p>MARIA CARME RICA LLINARES tractar\u00e0 les dades que faciliti el client de conformitat amb la pol\u00edtica de privacitat que trobareu a la web.<\/p><h3 class=\"h4\">IDIOMA<\/h3><p>Amb independ\u00e8ncia de les possibles traduccions de les presents condicions generals de venda, l\u2019idioma oficial del contracte ser\u00e0 sempre la versi\u00f3 en catal\u00e0.<\/p><h3 class=\"h4\">JURISDICCI\u00d3 I LLEI APLICABLE<\/h3><p>En cas de conflictes en la interpretaci\u00f3 o aplicaci\u00f3 de les presents condicions contractuals, seran competents els Jutjats i Tribunals d\u2019Igualada (Barcelona).<\/p>\t\t\t\t\t\t\t\t<\/div>\n\t\t\t\t<\/div>\n\t\t\t\t\t<\/div>\n\t\t<\/div>\n\t\t\t\t\t<\/div>\n\t\t<\/section>\n\t\t\t\t<\/div>","protected":false},"excerpt":{"rendered":"<p>OBJECTE I \u00c0MBIT D\u2019APLICACI\u00d3 Les presents condicions generals de contractaci\u00f3 i utilitzaci\u00f3 (en endavant, \u201cCondicions Generals\u201d) s\u00f3n les que regeixen la reserva d\u2019estades a la casa rural Cal Fuster de Tous, situada a (08712) Sant Mart\u00ed de Tous, Pla\u00e7a Manel [&hellip;]<\/p>\n","protected":false},"author":1,"featured_media":0,"parent":0,"menu_order":0,"comment_status":"closed","ping_status":"closed","template":"","meta":{"_monsterinsights_skip_tracking":false,"_monsterinsights_sitenote_active":false,"_monsterinsights_sitenote_note":"","_monsterinsights_sitenote_category":0,"footnotes":""},"class_list":["post-24310","page","type-page","status-publish","hentry"],"yoast_head":"<!-- This site is optimized with the Yoast SEO plugin v27.3 - https:\/\/yoast.com\/product\/yoast-seo-wordpress\/ -->\n<title>Condicions generals de la contractaci\u00f3 - Cal Fuster de la pla\u00e7a<\/title>\n<meta name=\"robots\" content=\"index, follow, max-snippet:-1, max-image-preview:large, max-video-preview:-1\" \/>\n<link rel=\"canonical\" href=\"https:\/\/www.calfusterdetous.com\/cast\/condicions-generals-de-la-contractacio\/\" \/>\n<meta property=\"og:locale\" content=\"es_ES\" \/>\n<meta property=\"og:type\" content=\"article\" \/>\n<meta property=\"og:title\" content=\"Condicions generals de la contractaci\u00f3 - Cal Fuster de la pla\u00e7a\" \/>\n<meta property=\"og:description\" content=\"OBJECTE I \u00c0MBIT D\u2019APLICACI\u00d3 Les presents condicions generals de contractaci\u00f3 i utilitzaci\u00f3 (en endavant, \u201cCondicions Generals\u201d) s\u00f3n les que regeixen la reserva d\u2019estades a la casa rural Cal Fuster de Tous, situada a (08712) Sant Mart\u00ed de Tous, Pla\u00e7a Manel [&hellip;]\" \/>\n<meta property=\"og:url\" content=\"https:\/\/www.calfusterdetous.com\/cast\/condicions-generals-de-la-contractacio\/\" \/>\n<meta property=\"og:site_name\" content=\"Cal Fuster de la pla\u00e7a\" \/>\n<meta property=\"article:modified_time\" content=\"2024-09-03T10:17:24+00:00\" \/>\n<meta name=\"twitter:card\" content=\"summary_large_image\" \/>\n<meta name=\"twitter:label1\" content=\"Tiempo de lectura\" \/>\n\t<meta name=\"twitter:data1\" content=\"9 minutos\" \/>\n<script type=\"application\/ld+json\" class=\"yoast-schema-graph\">{\"@context\":\"https:\\\/\\\/schema.org\",\"@graph\":[{\"@type\":\"WebPage\",\"@id\":\"https:\\\/\\\/www.calfusterdetous.com\\\/condicions-generals-de-la-contractacio\\\/\",\"url\":\"https:\\\/\\\/www.calfusterdetous.com\\\/condicions-generals-de-la-contractacio\\\/\",\"name\":\"Condicions generals de la contractaci\u00f3 - Cal Fuster de la pla\u00e7a\",\"isPartOf\":{\"@id\":\"https:\\\/\\\/www.calfusterdetous.com\\\/#website\"},\"datePublished\":\"2023-07-27T11:38:50+00:00\",\"dateModified\":\"2024-09-03T10:17:24+00:00\",\"breadcrumb\":{\"@id\":\"https:\\\/\\\/www.calfusterdetous.com\\\/condicions-generals-de-la-contractacio\\\/#breadcrumb\"},\"inLanguage\":\"es\",\"potentialAction\":[{\"@type\":\"ReadAction\",\"target\":[\"https:\\\/\\\/www.calfusterdetous.com\\\/condicions-generals-de-la-contractacio\\\/\"]}]},{\"@type\":\"BreadcrumbList\",\"@id\":\"https:\\\/\\\/www.calfusterdetous.com\\\/condicions-generals-de-la-contractacio\\\/#breadcrumb\",\"itemListElement\":[{\"@type\":\"ListItem\",\"position\":1,\"name\":\"Portada\",\"item\":\"https:\\\/\\\/www.calfusterdetous.com\\\/\"},{\"@type\":\"ListItem\",\"position\":2,\"name\":\"Condicions generals de la contractaci\u00f3\"}]},{\"@type\":\"WebSite\",\"@id\":\"https:\\\/\\\/www.calfusterdetous.com\\\/#website\",\"url\":\"https:\\\/\\\/www.calfusterdetous.com\\\/\",\"name\":\"Cal Fuster de la pla\u00e7a\",\"description\":\"Es una acogedora casa rural en Sant Mart\u00ed de Tous, ofreciendo cinco habitaciones \u00fanicas y espacios comunes llenos de historia y leyendas locales. \",\"publisher\":{\"@id\":\"https:\\\/\\\/www.calfusterdetous.com\\\/#organization\"},\"potentialAction\":[{\"@type\":\"SearchAction\",\"target\":{\"@type\":\"EntryPoint\",\"urlTemplate\":\"https:\\\/\\\/www.calfusterdetous.com\\\/?s={search_term_string}\"},\"query-input\":{\"@type\":\"PropertyValueSpecification\",\"valueRequired\":true,\"valueName\":\"search_term_string\"}}],\"inLanguage\":\"es\"},{\"@type\":\"Organization\",\"@id\":\"https:\\\/\\\/www.calfusterdetous.com\\\/#organization\",\"name\":\"Cal Fuster de la pla\u00e7a\",\"url\":\"https:\\\/\\\/www.calfusterdetous.com\\\/\",\"logo\":{\"@type\":\"ImageObject\",\"inLanguage\":\"es\",\"@id\":\"https:\\\/\\\/www.calfusterdetous.com\\\/#\\\/schema\\\/logo\\\/image\\\/\",\"url\":\"https:\\\/\\\/www.calfusterdetous.com\\\/wp-content\\\/uploads\\\/2020\\\/04\\\/Recurso-2@2x.png\",\"contentUrl\":\"https:\\\/\\\/www.calfusterdetous.com\\\/wp-content\\\/uploads\\\/2020\\\/04\\\/Recurso-2@2x.png\",\"width\":441,\"height\":171,\"caption\":\"Cal Fuster de la pla\u00e7a\"},\"image\":{\"@id\":\"https:\\\/\\\/www.calfusterdetous.com\\\/#\\\/schema\\\/logo\\\/image\\\/\"}}]}<\/script>\n<!-- \/ Yoast SEO plugin. -->","yoast_head_json":{"title":"Condicions generals de la contractaci\u00f3 - Cal Fuster de la pla\u00e7a","robots":{"index":"index","follow":"follow","max-snippet":"max-snippet:-1","max-image-preview":"max-image-preview:large","max-video-preview":"max-video-preview:-1"},"canonical":"https:\/\/www.calfusterdetous.com\/cast\/condicions-generals-de-la-contractacio\/","og_locale":"es_ES","og_type":"article","og_title":"Condicions generals de la contractaci\u00f3 - Cal Fuster de la pla\u00e7a","og_description":"OBJECTE I \u00c0MBIT D\u2019APLICACI\u00d3 Les presents condicions generals de contractaci\u00f3 i utilitzaci\u00f3 (en endavant, \u201cCondicions Generals\u201d) s\u00f3n les que regeixen la reserva d\u2019estades a la casa rural Cal Fuster de Tous, situada a (08712) Sant Mart\u00ed de Tous, Pla\u00e7a Manel [&hellip;]","og_url":"https:\/\/www.calfusterdetous.com\/cast\/condicions-generals-de-la-contractacio\/","og_site_name":"Cal Fuster de la pla\u00e7a","article_modified_time":"2024-09-03T10:17:24+00:00","twitter_card":"summary_large_image","twitter_misc":{"Tiempo de lectura":"9 minutos"},"schema":{"@context":"https:\/\/schema.org","@graph":[{"@type":"WebPage","@id":"https:\/\/www.calfusterdetous.com\/condicions-generals-de-la-contractacio\/","url":"https:\/\/www.calfusterdetous.com\/condicions-generals-de-la-contractacio\/","name":"Condicions generals de la contractaci\u00f3 - Cal Fuster de la pla\u00e7a","isPartOf":{"@id":"https:\/\/www.calfusterdetous.com\/#website"},"datePublished":"2023-07-27T11:38:50+00:00","dateModified":"2024-09-03T10:17:24+00:00","breadcrumb":{"@id":"https:\/\/www.calfusterdetous.com\/condicions-generals-de-la-contractacio\/#breadcrumb"},"inLanguage":"es","potentialAction":[{"@type":"ReadAction","target":["https:\/\/www.calfusterdetous.com\/condicions-generals-de-la-contractacio\/"]}]},{"@type":"BreadcrumbList","@id":"https:\/\/www.calfusterdetous.com\/condicions-generals-de-la-contractacio\/#breadcrumb","itemListElement":[{"@type":"ListItem","position":1,"name":"Portada","item":"https:\/\/www.calfusterdetous.com\/"},{"@type":"ListItem","position":2,"name":"Condicions generals de la contractaci\u00f3"}]},{"@type":"WebSite","@id":"https:\/\/www.calfusterdetous.com\/#website","url":"https:\/\/www.calfusterdetous.com\/","name":"Cal Fuster de la plaza","description":"Es una acogedora casa rural en Sant Mart\u00ed de Tous, ofreciendo cinco habitaciones \u00fanicas y espacios comunes llenos de historia y leyendas locales.","publisher":{"@id":"https:\/\/www.calfusterdetous.com\/#organization"},"potentialAction":[{"@type":"SearchAction","target":{"@type":"EntryPoint","urlTemplate":"https:\/\/www.calfusterdetous.com\/?s={search_term_string}"},"query-input":{"@type":"PropertyValueSpecification","valueRequired":true,"valueName":"search_term_string"}}],"inLanguage":"es"},{"@type":"Organization","@id":"https:\/\/www.calfusterdetous.com\/#organization","name":"Cal Fuster de la plaza","url":"https:\/\/www.calfusterdetous.com\/","logo":{"@type":"ImageObject","inLanguage":"es","@id":"https:\/\/www.calfusterdetous.com\/#\/schema\/logo\/image\/","url":"https:\/\/www.calfusterdetous.com\/wp-content\/uploads\/2020\/04\/Recurso-2@2x.png","contentUrl":"https:\/\/www.calfusterdetous.com\/wp-content\/uploads\/2020\/04\/Recurso-2@2x.png","width":441,"height":171,"caption":"Cal Fuster de la pla\u00e7a"},"image":{"@id":"https:\/\/www.calfusterdetous.com\/#\/schema\/logo\/image\/"}}]}},"_links":{"self":[{"href":"https:\/\/www.calfusterdetous.com\/cast\/wp-json\/wp\/v2\/pages\/24310","targetHints":{"allow":["GET"]}}],"collection":[{"href":"https:\/\/www.calfusterdetous.com\/cast\/wp-json\/wp\/v2\/pages"}],"about":[{"href":"https:\/\/www.calfusterdetous.com\/cast\/wp-json\/wp\/v2\/types\/page"}],"author":[{"embeddable":true,"href":"https:\/\/www.calfusterdetous.com\/cast\/wp-json\/wp\/v2\/users\/1"}],"replies":[{"embeddable":true,"href":"https:\/\/www.calfusterdetous.com\/cast\/wp-json\/wp\/v2\/comments?post=24310"}],"version-history":[{"count":36,"href":"https:\/\/www.calfusterdetous.com\/cast\/wp-json\/wp\/v2\/pages\/24310\/revisions"}],"predecessor-version":[{"id":27020,"href":"https:\/\/www.calfusterdetous.com\/cast\/wp-json\/wp\/v2\/pages\/24310\/revisions\/27020"}],"wp:attachment":[{"href":"https:\/\/www.calfusterdetous.com\/cast\/wp-json\/wp\/v2\/media?parent=24310"}],"curies":[{"name":"wp","href":"https:\/\/api.w.org\/{rel}","templated":true}]}}