{"id":3,"date":"2022-03-22T12:01:18","date_gmt":"2022-03-22T12:01:18","guid":{"rendered":"https:\/\/hotellerv1.themegoods.com\/\/?page_id=3"},"modified":"2023-07-27T11:30:13","modified_gmt":"2023-07-27T11:30:13","slug":"privacy-policy","status":"publish","type":"page","link":"https:\/\/www.calfusterdetous.com\/cast\/privacy-policy\/","title":{"rendered":"Aviso Legal y Condiciones de Uso del sitio web"},"content":{"rendered":"<div data-elementor-type=\"wp-page\" data-elementor-id=\"3\" class=\"elementor elementor-3\" data-elementor-post-type=\"page\">\n\t\t\t\t\t\t<section class=\"elementor-section elementor-top-section elementor-element elementor-element-5e293256 elementor-section-boxed elementor-section-height-default elementor-section-height-default\" data-id=\"5e293256\" data-element_type=\"section\" data-e-type=\"section\" data-settings=\"{&quot;hoteller_ext_is_background_parallax&quot;:&quot;false&quot;,&quot;hoteller_ext_is_background_on_scroll&quot;:&quot;false&quot;}\">\n\t\t\t\t\t\t<div class=\"elementor-container elementor-column-gap-default\">\n\t\t\t\t\t<div class=\"elementor-column elementor-col-100 elementor-top-column elementor-element elementor-element-de6648e\" data-id=\"de6648e\" data-element_type=\"column\" data-e-type=\"column\" data-settings=\"{&quot;hoteller_ext_link_sidemenu&quot;:&quot;false&quot;,&quot;hoteller_ext_link_fullmenu&quot;:&quot;false&quot;,&quot;hoteller_ext_link_closed_fullmenu&quot;:&quot;false&quot;,&quot;hoteller_ext_is_scrollme&quot;:&quot;false&quot;,&quot;hoteller_ext_is_smoove&quot;:&quot;false&quot;,&quot;hoteller_ext_is_parallax_mouse&quot;:&quot;false&quot;,&quot;hoteller_ext_is_infinite&quot;:&quot;false&quot;,&quot;hoteller_ext_is_fadeout_animation&quot;:&quot;false&quot;,&quot;hoteller_ext_mobile_static&quot;:&quot;false&quot;}\">\n\t\t\t<div class=\"elementor-widget-wrap elementor-element-populated\">\n\t\t\t\t\t\t<div class=\"elementor-element elementor-element-d645521 elementor-widget elementor-widget-text-editor\" data-id=\"d645521\" data-element_type=\"widget\" data-e-type=\"widget\" data-settings=\"{&quot;hoteller_ext_link_sidemenu&quot;:&quot;false&quot;,&quot;hoteller_ext_link_fullmenu&quot;:&quot;false&quot;,&quot;hoteller_ext_link_closed_fullmenu&quot;:&quot;false&quot;,&quot;hoteller_ext_is_scrollme&quot;:&quot;false&quot;,&quot;hoteller_ext_is_smoove&quot;:&quot;false&quot;,&quot;hoteller_ext_is_parallax_mouse&quot;:&quot;false&quot;,&quot;hoteller_ext_is_infinite&quot;:&quot;false&quot;,&quot;hoteller_ext_is_fadeout_animation&quot;:&quot;false&quot;,&quot;hoteller_ext_mobile_static&quot;:&quot;false&quot;}\" data-widget_type=\"text-editor.default\">\n\t\t\t\t<div class=\"elementor-widget-container\">\n\t\t\t\t\t\t\t\t\t<p>De acuerdo con el deber de informaci\u00f3n establecido en la Ley 34\/2002, de 11 de julio, de Servicios de la Informaci\u00f3n y Comercio Electr\u00f3nico, a continuaci\u00f3n se indican los datos de informaci\u00f3n general del sitio web: http:\/ \/calfusterdetous.com.<br \/>Identidad: MARIA CARME RICA LLINARES.<br \/>DNI\/NIF: 77.106.359-D.<br \/>Domicilio: Plaza Manel M\u00aa Gerona, n\u00famero 3 \u2013 (08712) Sant Mart\u00ed de Tous.<br \/>Tel\u00e9fono: +34 93 809 64 28 \/ +34 651 807 304.<br \/>Correo electr\u00f3nico: fuster@calfusterdetous.com.<\/p>\n<p><!-- \/wp:paragraph --><!-- wp:heading {\"level\":3} --><\/p>\n<h3>T\u00c9RMINOS Y CONDICIONES DE USO<\/h3>\n<p><!-- \/wp:heading --><!-- wp:paragraph --><\/p>\n<p>El acceso y utilizaci\u00f3n de este sitio web otorga la condici\u00f3n de usuario e implica la plena aceptaci\u00f3n de las condiciones de uso del mismo, recogidas en el presente aviso legal. Le rogamos que las lea atentamente. El hecho de acceder a este sitio web y utilizar los materiales que contiene, implica que usted ha le\u00eddo y acepta, sin reserva alguna, estas condiciones. En caso de no estar conforme con \u00e9stas, el usuario se abstendr\u00e1 de utilizar el sitio web.<br \/>Con el fin de cumplir con la normativa este aviso legal est\u00e1 sujeto a cambios y autorizaciones, por lo que recomendamos al usuario su lectura y revisi\u00f3n siempre que acceda a la web.<br \/>Sin embargo, algunos de los servicios ofrecidos a trav\u00e9s del sitio web pueden estar sujetos, adem\u00e1s de a las condiciones que se describen en el presente aviso legal, a sus propias condiciones particulares de uso que, en su caso, tambi\u00e9n ser\u00e1n de aplicaci\u00f3n. En consecuencia, la navegaci\u00f3n del usuario en el sitio web supone, no s\u00f3lo la aceptaci\u00f3n del presente aviso legal, sino tambi\u00e9n la plena aceptaci\u00f3n de estas Condiciones Particulares cuando sean de aplicaci\u00f3n.<\/p>\n<p><!-- \/wp:paragraph --><!-- wp:paragraph --><\/p>\n<p><strong>1. Condiciones de uso.<\/strong><\/p>\n<p><!-- \/wp:paragraph --><!-- wp:paragraph --><\/p>\n<p>Este sitio web contiene materiales preparados por MARIA CARME RICA LLINARES o por sus prestamistas de servicios con car\u00e1cter meramente informativo y de consulta. Asimismo, puede incluir enlaces o links que pueden conducir al usuario a otros sitios y p\u00e1ginas web gestionados por terceros, de los que MARIA CARME RICA LLINARES no responder\u00e1 ni de sus contenidos ni del estado de estos sitios web y tampoco implica recomendaci\u00f3n o aprobaci\u00f3n sobre sus contenidos.<br \/>Las informaciones contenidas en el sitio web son las vigentes en la fecha de la \u00faltima actualizaci\u00f3n y deben considerarse indicativas por el usuario. Por cualquier cuesti\u00f3n que pudiera surgir sobre los contenidos, actividades comerciales, productos y servicios, resulta de aplicaci\u00f3n la normativa reguladora vigente, siendo los \u00f3rganos jurisdiccionales los competentes para conocer de los eventuales asuntos.<br \/>En cualquier caso, MARIA CARME RICA LLINARES se reserva todos los derechos para modificar, limitar o cancelar el acceso y contenidos del sitio web en cualquier momento, as\u00ed como la facultad de efectuar modificaciones en la configuraci\u00f3n o en la presentaci\u00f3n de la su web.<br \/>Sin perjuicio de los derechos legales del usuario del sitio web y, en su caso, los derechos reconocidos a los consumidores, MARIA CARME RICA LLINARES no garantiza la disponibilidad, acceso y continuidad de funcionamiento del sitio web, de sus servicios y contenidos . Siempre que sea posible, MARIA CARME RICA LLINARES avisar\u00e1 con car\u00e1cter previo al usuario de las interrupciones en el sitio web. Sin embargo, no ser\u00e1 responsable de los da\u00f1os y perjuicios sufridos por \u00e9ste debido a la falta de disponibilidad, acceso o continuidad del sitio web o de cualquiera de sus servicios o contenidos. Sin embargo, MARIA CARME RICA LLINARES omite cualquier tipo de responsabilidad que pudiera derivarse de la existencia de problemas t\u00e9cnicos o errores mec\u00e1nicos en los equipos inform\u00e1ticos producidos durante la conexi\u00f3n a internet.<\/p>\n<p><!-- \/wp:paragraph --><!-- wp:paragraph --><\/p>\n<p><strong>2. Limitaci\u00f3n de responsabilidad.<\/strong><\/p>\n<p><!-- \/wp:paragraph --><!-- wp:paragraph --><\/p>\n<p>El usuario se compromete a hacer un uso diligente del presente sitio web, de conformidad con la legislaci\u00f3n vigente, el presente aviso legal, las condiciones particulares (en caso de existir) y cualquier otra comunicaci\u00f3n puesta en su conocimiento a trav\u00e9s de este u otro medio, as\u00ed como las normas de convivencia, la moral y las buenas costumbres generalmente aceptadas. MARIA CARME RICA LLINARES no se responsabiliza de la incorrecta utilizaci\u00f3n que los usuarios realicen sobre la informaci\u00f3n o contenidos del servicio, siendo estos actos de la exclusiva responsabilidad del usuario.<br \/>Ni MARIA CARME RICA LLINARES ni las personas de su organizaci\u00f3n se hacen responsables de los errores u omisiones en los contenidos publicados, dado que son meramente de car\u00e1cter informativo. Asimismo, MARIA CARME RICA LLINARES no se hace responsable de ning\u00fan da\u00f1o que pudiera derivarse de la utilizaci\u00f3n de este sitio web o de cualquier actuaci\u00f3n realizada en base a la informaci\u00f3n que aqu\u00ed se facilita.<br \/>En cualquier caso, MARIA CARME RICA LLINARES no asume la responsabilidad de las interpretaciones del usuario sobre la informaci\u00f3n contenida en su sitio web.<\/p>\n<p><!-- \/wp:paragraph --><!-- wp:paragraph --><\/p>\n<p><strong>3. Derechos de propiedad intelectual.<\/strong><\/p>\n<p><!-- \/wp:paragraph --><!-- wp:paragraph --><\/p>\n<p>Quedan reservados a favor de MARIA CARME RICA LLINARES todos los derechos de propiedad intelectual sobre la totalidad del contenido de este sitio web, ya sean textos, im\u00e1genes, sonido, archivos, marcas, logotipos, combinaciones de colores o cualquier otro elemento. Su estructura y dise\u00f1o, selecci\u00f3n y forma de presentaci\u00f3n de los materiales incluidos, as\u00ed como los programas de ordenador e inform\u00e1ticos necesarios para su funcionamiento, acceso y utilizaci\u00f3n, los cuales est\u00e1n protegidos por derechos de propiedad intelectual e industrial, titularidad de MARIA CARME RICA LLINARES y\/o de sus colaboradores y\/o sociedades participadas.<br \/>Est\u00e1 prohibida la reproducci\u00f3n, transformaci\u00f3n, distribuci\u00f3n, comunicaci\u00f3n p\u00fablica, puesta a disposici\u00f3n del p\u00fablico y en general cualquier otra forma de explotaci\u00f3n, por cualquier procedimiento, de todo o parte de los contenidos de este sitio web, as\u00ed como de su dise\u00f1o y la selecci\u00f3n y forma de presentaci\u00f3n de los materiales que incluye.<br \/>Se proh\u00edbe descompilar, desacoplar o realizar ingenier\u00eda inversa, as\u00ed como suprimir, alterar, eludir o manipular cualquier dispositivo de protecci\u00f3n o sistemas de seguridad que puedan estar instalados.<br \/>Cualquier uso no autorizado del software o del contenido de este sitio web puede suponer el incumplimiento de las leyes de propiedad intelectual, propiedad industrial, derechos personales, derechos de publicidad y de comunicaci\u00f3n y, por tanto, MARIA CARME RICA LLINARES, podr\u00e1 ejercer todas las acciones civiles y\/o penales que correspondan contra quien lesione sus derechos.<\/p>\n<p><!-- \/wp:paragraph --><!-- wp:paragraph --><\/p>\n<p><strong>4. Veracidad y confidencialidad de los datos propios.<\/strong><\/p>\n<p><!-- \/wp:paragraph --><!-- wp:paragraph --><\/p>\n<p>La informaci\u00f3n que el usuario facilite a trav\u00e9s del sitio web y\/o mediante cualquier otro canal de comunicaci\u00f3n, deber\u00e1 ser veraz, completa, precisa y actualizada. A tal efecto, el usuario garantiza la autenticidad de todos aquellos datos que se comuniquen, siendo el \u00fanico responsable de las manifestaciones falsas o inexactas que realice y de los perjuicios que con \u00e9stas pueda causar a MARIA CARME RICA LLINARES oa terceros. Asimismo, el usuario ser\u00e1 el \u00fanico responsable de las informaciones que facilite referentes a terceras personas<br \/>Ni MARIA CARME RICA LLINARES ni las personas de su organizaci\u00f3n se hacen responsables de los errores u omisiones en los contenidos publicados, dado que son meramente de car\u00e1cter informativo. Asimismo, MARIA CARME RICA LLINARES no se hace responsable de ning\u00fan da\u00f1o que pudiera derivarse de la utilizaci\u00f3n de este sitio web o de cualquier actuaci\u00f3n realizada en base a la informaci\u00f3n que aqu\u00ed se facilita.<br \/>El usuario se compromete a mantener la confidencialidad de sus datos y credenciales de acceso a su \u00e1rea privada, en caso de tenerlos, as\u00ed como de las actividades, gestiones y tr\u00e1mites que en ella se puedan llevar a cabo. En el supuesto de que un tercero realice un uso ileg\u00edtimo o fraudulento de la cuenta y\/o credenciales del usuario, o bien un uso que ponga en riesgo la seguridad, el usuario deber\u00e1 notificarlo a MARIA CARME RICA LLINARES inmediatamente con el fin de adoptar las medidas necesarias para prevenir y reducir los posibles riesgos que pudieran derivarse.<\/p>\n<p><!-- \/wp:paragraph --><!-- wp:paragraph --><\/p>\n<p><strong>5. Cookies y pol\u00edtica antispamming.<\/strong><\/p>\n<p><!-- \/wp:paragraph --><!-- wp:paragraph --><\/p>\n<p>Este sitio web utiliza cookies propias y de terceros para personalizar la navegaci\u00f3n, mejorar sus servicios y mostrarle publicidad relacionada con las preferencias del usuario mediante el an\u00e1lisis de sus h\u00e1bitos de navegaci\u00f3n. El usuario deber\u00e1 aceptar la pol\u00edtica de cookies de forma expresa y podr\u00e1 consultarla en cualquier momento accediendo al apartado web correspondiente.<br \/>MARIA CARME RICA LLINARES es contraria a la pr\u00e1ctica del SPAM (env\u00edo masivo y continuado en el correo electr\u00f3nico de mensajes publicitarios, normalmente comerciales, dirigidos a una pluralidad de personas y no solicitados). Es por tanto que los usuarios y terceros perjudicados por la recepci\u00f3n de SPAM, cuyo env\u00edo no haya sido previamente consentido o se pretenda cancelar, pueden ponerse en contacto con MARIA CARME RICA LLINARES en fuster@calfusterdetous.com a fin de adoptar las medidas necesarias que lo eviten.<\/p>\n<p><!-- \/wp:paragraph --><!-- wp:paragraph --><\/p>\n<p><strong>6. Protecci\u00f3n de datos.<\/strong><\/p>\n<p><!-- \/wp:paragraph --><!-- wp:paragraph --><\/p>\n<p>Algunos de los servicios incluidos en este sitio web exigen la recogida de datos personales del usuario para su correcta prestaci\u00f3n. El usuario, antes de facilitar a MARIA CARME RICA LLINARES sus datos, deber\u00e1 leer y aceptar la pol\u00edtica de protecci\u00f3n de datos, que podr\u00e1 encontrar en el apartado web habilitado, as\u00ed como en los formularios y\/o documentos habilitados para la introducci\u00f3n de datos, seg\u00fan proceda.<\/p>\n<p><!-- \/wp:paragraph --><!-- wp:paragraph --><\/p>\n<p><strong>7. Jurisdicci\u00f3n y legislaci\u00f3n aplicable.<\/strong><\/p>\n<p><!-- \/wp:paragraph --><!-- wp:paragraph --><\/p>\n<p>La legislaci\u00f3n aplicable al contenido de este sitio web ser\u00e1 la vigente en el \u00e1mbito territorial y la jurisdicci\u00f3n a la que se somete MARIA CARME RICA LLINARES para la resoluci\u00f3n de cualquier conflicto o cuesti\u00f3n litigiosa que pudiera derivarse de su relaci\u00f3n con el usuario es la de los juzgados de Igualada.<\/p>\t\t\t\t\t\t\t\t<\/div>\n\t\t\t\t<\/div>\n\t\t\t\t\t<\/div>\n\t\t<\/div>\n\t\t\t\t\t<\/div>\n\t\t<\/section>\n\t\t\t\t<\/div>","protected":false},"excerpt":{"rendered":"<p>D\u2019acord amb el deure d\u2019informaci\u00f3 establert a la Llei 34\/2002, d\u201911 de juliol, de Serveis de la Informaci\u00f3 i Comer\u00e7 Electr\u00f2nic, a continuaci\u00f3 s\u2019indiquen les dades d\u2019informaci\u00f3 general del lloc web: http:\/\/calfusterdetous.com. Identitat: MARIA CARME RICA LLINARES. D.N.I.\/N.I.F.: 77.106.359-D. Domicili: [&hellip;]<\/p>\n","protected":false},"author":1,"featured_media":0,"parent":0,"menu_order":0,"comment_status":"closed","ping_status":"closed","template":"","meta":{"_monsterinsights_skip_tracking":false,"_monsterinsights_sitenote_active":false,"_monsterinsights_sitenote_note":"","_monsterinsights_sitenote_category":0,"footnotes":""},"class_list":["post-3","page","type-page","status-publish","hentry"],"yoast_head":"<!-- This site is optimized with the Yoast SEO plugin v27.3 - https:\/\/yoast.com\/product\/yoast-seo-wordpress\/ -->\n<title>Av\u00eds Legal i Condicions d\u2019\u00das del lloc web - Cal Fuster de la pla\u00e7a<\/title>\n<meta name=\"robots\" content=\"index, follow, max-snippet:-1, max-image-preview:large, max-video-preview:-1\" \/>\n<link rel=\"canonical\" href=\"https:\/\/www.calfusterdetous.com\/cast\/privacy-policy\/\" \/>\n<meta property=\"og:locale\" content=\"es_ES\" \/>\n<meta property=\"og:type\" content=\"article\" \/>\n<meta property=\"og:title\" content=\"Av\u00eds Legal i Condicions d\u2019\u00das del lloc web - Cal Fuster de la pla\u00e7a\" \/>\n<meta property=\"og:description\" content=\"D\u2019acord amb el deure d\u2019informaci\u00f3 establert a la Llei 34\/2002, d\u201911 de juliol, de Serveis de la Informaci\u00f3 i Comer\u00e7 Electr\u00f2nic, a continuaci\u00f3 s\u2019indiquen les dades d\u2019informaci\u00f3 general del lloc web: http:\/\/calfusterdetous.com. Identitat: MARIA CARME RICA LLINARES. D.N.I.\/N.I.F.: 77.106.359-D. Domicili: [&hellip;]\" \/>\n<meta property=\"og:url\" content=\"https:\/\/www.calfusterdetous.com\/cast\/privacy-policy\/\" \/>\n<meta property=\"og:site_name\" content=\"Cal Fuster de la pla\u00e7a\" \/>\n<meta property=\"article:modified_time\" content=\"2023-07-27T11:30:13+00:00\" \/>\n<meta name=\"twitter:card\" content=\"summary_large_image\" \/>\n<meta name=\"twitter:label1\" content=\"Tiempo de lectura\" \/>\n\t<meta name=\"twitter:data1\" content=\"8 minutos\" \/>\n<script type=\"application\/ld+json\" class=\"yoast-schema-graph\">{\"@context\":\"https:\\\/\\\/schema.org\",\"@graph\":[{\"@type\":\"WebPage\",\"@id\":\"https:\\\/\\\/www.calfusterdetous.com\\\/privacy-policy\\\/\",\"url\":\"https:\\\/\\\/www.calfusterdetous.com\\\/privacy-policy\\\/\",\"name\":\"Av\u00eds Legal i Condicions d\u2019\u00das del lloc web - Cal Fuster de la pla\u00e7a\",\"isPartOf\":{\"@id\":\"https:\\\/\\\/www.calfusterdetous.com\\\/#website\"},\"datePublished\":\"2022-03-22T12:01:18+00:00\",\"dateModified\":\"2023-07-27T11:30:13+00:00\",\"breadcrumb\":{\"@id\":\"https:\\\/\\\/www.calfusterdetous.com\\\/privacy-policy\\\/#breadcrumb\"},\"inLanguage\":\"es\",\"potentialAction\":[{\"@type\":\"ReadAction\",\"target\":[\"https:\\\/\\\/www.calfusterdetous.com\\\/privacy-policy\\\/\"]}]},{\"@type\":\"BreadcrumbList\",\"@id\":\"https:\\\/\\\/www.calfusterdetous.com\\\/privacy-policy\\\/#breadcrumb\",\"itemListElement\":[{\"@type\":\"ListItem\",\"position\":1,\"name\":\"Portada\",\"item\":\"https:\\\/\\\/www.calfusterdetous.com\\\/\"},{\"@type\":\"ListItem\",\"position\":2,\"name\":\"Av\u00eds Legal i Condicions d\u2019\u00das del lloc web\"}]},{\"@type\":\"WebSite\",\"@id\":\"https:\\\/\\\/www.calfusterdetous.com\\\/#website\",\"url\":\"https:\\\/\\\/www.calfusterdetous.com\\\/\",\"name\":\"Cal Fuster de la pla\u00e7a\",\"description\":\"Es una acogedora casa rural en Sant Mart\u00ed de Tous, ofreciendo cinco habitaciones \u00fanicas y espacios comunes llenos de historia y leyendas locales. \",\"publisher\":{\"@id\":\"https:\\\/\\\/www.calfusterdetous.com\\\/#organization\"},\"potentialAction\":[{\"@type\":\"SearchAction\",\"target\":{\"@type\":\"EntryPoint\",\"urlTemplate\":\"https:\\\/\\\/www.calfusterdetous.com\\\/?s={search_term_string}\"},\"query-input\":{\"@type\":\"PropertyValueSpecification\",\"valueRequired\":true,\"valueName\":\"search_term_string\"}}],\"inLanguage\":\"es\"},{\"@type\":\"Organization\",\"@id\":\"https:\\\/\\\/www.calfusterdetous.com\\\/#organization\",\"name\":\"Cal Fuster de la pla\u00e7a\",\"url\":\"https:\\\/\\\/www.calfusterdetous.com\\\/\",\"logo\":{\"@type\":\"ImageObject\",\"inLanguage\":\"es\",\"@id\":\"https:\\\/\\\/www.calfusterdetous.com\\\/#\\\/schema\\\/logo\\\/image\\\/\",\"url\":\"https:\\\/\\\/www.calfusterdetous.com\\\/wp-content\\\/uploads\\\/2020\\\/04\\\/Recurso-2@2x.png\",\"contentUrl\":\"https:\\\/\\\/www.calfusterdetous.com\\\/wp-content\\\/uploads\\\/2020\\\/04\\\/Recurso-2@2x.png\",\"width\":441,\"height\":171,\"caption\":\"Cal Fuster de la pla\u00e7a\"},\"image\":{\"@id\":\"https:\\\/\\\/www.calfusterdetous.com\\\/#\\\/schema\\\/logo\\\/image\\\/\"}}]}<\/script>\n<!-- \/ Yoast SEO plugin. -->","yoast_head_json":{"title":"Av\u00eds Legal i Condicions d\u2019\u00das del lloc web - Cal Fuster de la pla\u00e7a","robots":{"index":"index","follow":"follow","max-snippet":"max-snippet:-1","max-image-preview":"max-image-preview:large","max-video-preview":"max-video-preview:-1"},"canonical":"https:\/\/www.calfusterdetous.com\/cast\/privacy-policy\/","og_locale":"es_ES","og_type":"article","og_title":"Av\u00eds Legal i Condicions d\u2019\u00das del lloc web - Cal Fuster de la pla\u00e7a","og_description":"D\u2019acord amb el deure d\u2019informaci\u00f3 establert a la Llei 34\/2002, d\u201911 de juliol, de Serveis de la Informaci\u00f3 i Comer\u00e7 Electr\u00f2nic, a continuaci\u00f3 s\u2019indiquen les dades d\u2019informaci\u00f3 general del lloc web: http:\/\/calfusterdetous.com. Identitat: MARIA CARME RICA LLINARES. D.N.I.\/N.I.F.: 77.106.359-D. Domicili: [&hellip;]","og_url":"https:\/\/www.calfusterdetous.com\/cast\/privacy-policy\/","og_site_name":"Cal Fuster de la pla\u00e7a","article_modified_time":"2023-07-27T11:30:13+00:00","twitter_card":"summary_large_image","twitter_misc":{"Tiempo de lectura":"8 minutos"},"schema":{"@context":"https:\/\/schema.org","@graph":[{"@type":"WebPage","@id":"https:\/\/www.calfusterdetous.com\/privacy-policy\/","url":"https:\/\/www.calfusterdetous.com\/privacy-policy\/","name":"Av\u00eds Legal i Condicions d\u2019\u00das del lloc web - Cal Fuster de la pla\u00e7a","isPartOf":{"@id":"https:\/\/www.calfusterdetous.com\/#website"},"datePublished":"2022-03-22T12:01:18+00:00","dateModified":"2023-07-27T11:30:13+00:00","breadcrumb":{"@id":"https:\/\/www.calfusterdetous.com\/privacy-policy\/#breadcrumb"},"inLanguage":"es","potentialAction":[{"@type":"ReadAction","target":["https:\/\/www.calfusterdetous.com\/privacy-policy\/"]}]},{"@type":"BreadcrumbList","@id":"https:\/\/www.calfusterdetous.com\/privacy-policy\/#breadcrumb","itemListElement":[{"@type":"ListItem","position":1,"name":"Portada","item":"https:\/\/www.calfusterdetous.com\/"},{"@type":"ListItem","position":2,"name":"Av\u00eds Legal i Condicions d\u2019\u00das del lloc web"}]},{"@type":"WebSite","@id":"https:\/\/www.calfusterdetous.com\/#website","url":"https:\/\/www.calfusterdetous.com\/","name":"Cal Fuster de la plaza","description":"Es una acogedora casa rural en Sant Mart\u00ed de Tous, ofreciendo cinco habitaciones \u00fanicas y espacios comunes llenos de historia y leyendas locales.","publisher":{"@id":"https:\/\/www.calfusterdetous.com\/#organization"},"potentialAction":[{"@type":"SearchAction","target":{"@type":"EntryPoint","urlTemplate":"https:\/\/www.calfusterdetous.com\/?s={search_term_string}"},"query-input":{"@type":"PropertyValueSpecification","valueRequired":true,"valueName":"search_term_string"}}],"inLanguage":"es"},{"@type":"Organization","@id":"https:\/\/www.calfusterdetous.com\/#organization","name":"Cal Fuster de la plaza","url":"https:\/\/www.calfusterdetous.com\/","logo":{"@type":"ImageObject","inLanguage":"es","@id":"https:\/\/www.calfusterdetous.com\/#\/schema\/logo\/image\/","url":"https:\/\/www.calfusterdetous.com\/wp-content\/uploads\/2020\/04\/Recurso-2@2x.png","contentUrl":"https:\/\/www.calfusterdetous.com\/wp-content\/uploads\/2020\/04\/Recurso-2@2x.png","width":441,"height":171,"caption":"Cal Fuster de la pla\u00e7a"},"image":{"@id":"https:\/\/www.calfusterdetous.com\/#\/schema\/logo\/image\/"}}]}},"_links":{"self":[{"href":"https:\/\/www.calfusterdetous.com\/cast\/wp-json\/wp\/v2\/pages\/3","targetHints":{"allow":["GET"]}}],"collection":[{"href":"https:\/\/www.calfusterdetous.com\/cast\/wp-json\/wp\/v2\/pages"}],"about":[{"href":"https:\/\/www.calfusterdetous.com\/cast\/wp-json\/wp\/v2\/types\/page"}],"author":[{"embeddable":true,"href":"https:\/\/www.calfusterdetous.com\/cast\/wp-json\/wp\/v2\/users\/1"}],"replies":[{"embeddable":true,"href":"https:\/\/www.calfusterdetous.com\/cast\/wp-json\/wp\/v2\/comments?post=3"}],"version-history":[{"count":0,"href":"https:\/\/www.calfusterdetous.com\/cast\/wp-json\/wp\/v2\/pages\/3\/revisions"}],"wp:attachment":[{"href":"https:\/\/www.calfusterdetous.com\/cast\/wp-json\/wp\/v2\/media?parent=3"}],"curies":[{"name":"wp","href":"https:\/\/api.w.org\/{rel}","templated":true}]}}